{"id":8354,"date":"2023-12-07T12:03:42","date_gmt":"2023-12-07T16:03:42","guid":{"rendered":"https:\/\/vtaplus.com.ve\/?post_type=product&#038;p=8354"},"modified":"2025-04-25T17:22:16","modified_gmt":"2025-04-25T21:22:16","slug":"camara-360-wifi-full-hd-1080p-audio-bidireccional","status":"publish","type":"product","link":"https:\/\/vtaplus.com.ve\/?product=camara-360-wifi-full-hd-1080p-audio-bidireccional","title":{"rendered":"C\u00e1mara domo interior Ovo II"},"content":{"rendered":"<p>Esta c\u00e1mara tipo domo es perfecta a la hora de combatir el vandalismo y las situaciones adversas gracias a su excelencia en cuanto a durabilidad. Su c\u00fapula est\u00e1 encerrada en una carcasa resistente, lo que ayudar\u00e1 a mantenerla protegida de posibles golpes y sacudidas. Cuenta con resoluci\u00f3n HD 1080p, que ofrece una grabaci\u00f3n de \u00f3ptima calidad, as\u00ed como una vigilancia clara y precisa sobre los espacios.<\/p>\n<p>Gracias a su funci\u00f3n de visi\u00f3n nocturna incluida, \u00a1Ya no tendr\u00e1s que preocuparte porque tus espacios est\u00e9n iluminados! Esta c\u00e1mara incluye micr\u00f3fono, lo que te asegurar\u00e1 no solo tener una imagen exacta, sino tambi\u00e9n potenciar la seguridad de los ambientes registrando sonidos.<\/p>\n<p>Adquiere la c\u00e1mara y agr\u00e9gale el servicio GEO24 de Tracker GPS, contar\u00e1s con la gesti\u00f3n de apoyo en caso de emergencia 24\/7.<\/p>\n","protected":false},"excerpt":{"rendered":"<p>C\u00e1mara 360\u00b0 Wifi Full Hd 1080p Audio Bidireccional<\/p>\n","protected":false},"featured_media":9638,"comment_status":"closed","ping_status":"closed","template":"","meta":{"om_disable_all_campaigns":false,"_uf_show_specific_survey":0,"_uf_disable_surveys":false},"product_cat":[149,150,151,146,53],"product_tag":[102,97,99,101,98,84,96,100],"class_list":{"0":"post-8354","1":"product","2":"type-product","3":"status-publish","4":"has-post-thumbnail","6":"product_cat-hogar","7":"product_cat-oficina","8":"product_cat-seguridad","9":"product_cat-todos","10":"product_cat-video_seguridad","11":"product_tag-camaras-de-seguridad","12":"product_tag-casa","13":"product_tag-geo24","14":"product_tag-microfono-y-altavoz-bidireccional","15":"product_tag-oficina","16":"product_tag-uso-interior","17":"product_tag-video-seguridad","18":"product_tag-vision-nocturna","20":"first","21":"instock","22":"taxable","23":"shipping-taxable","24":"purchasable","25":"product-type-simple"},"acf":[],"aioseo_notices":[],"_links":{"self":[{"href":"https:\/\/vtaplus.com.ve\/index.php?rest_route=\/wp\/v2\/product\/8354","targetHints":{"allow":["GET"]}}],"collection":[{"href":"https:\/\/vtaplus.com.ve\/index.php?rest_route=\/wp\/v2\/product"}],"about":[{"href":"https:\/\/vtaplus.com.ve\/index.php?rest_route=\/wp\/v2\/types\/product"}],"replies":[{"embeddable":true,"href":"https:\/\/vtaplus.com.ve\/index.php?rest_route=%2Fwp%2Fv2%2Fcomments&post=8354"}],"version-history":[{"count":6,"href":"https:\/\/vtaplus.com.ve\/index.php?rest_route=\/wp\/v2\/product\/8354\/revisions"}],"predecessor-version":[{"id":9637,"href":"https:\/\/vtaplus.com.ve\/index.php?rest_route=\/wp\/v2\/product\/8354\/revisions\/9637"}],"wp:featuredmedia":[{"embeddable":true,"href":"https:\/\/vtaplus.com.ve\/index.php?rest_route=\/wp\/v2\/media\/9638"}],"wp:attachment":[{"href":"https:\/\/vtaplus.com.ve\/index.php?rest_route=%2Fwp%2Fv2%2Fmedia&parent=8354"}],"wp:term":[{"taxonomy":"product_cat","embeddable":true,"href":"https:\/\/vtaplus.com.ve\/index.php?rest_route=%2Fwp%2Fv2%2Fproduct_cat&post=8354"},{"taxonomy":"product_tag","embeddable":true,"href":"https:\/\/vtaplus.com.ve\/index.php?rest_route=%2Fwp%2Fv2%2Fproduct_tag&post=8354"}],"curies":[{"name":"wp","href":"https:\/\/api.w.org\/{rel}","templated":true}]}}