{"id":8366,"date":"2023-12-07T13:03:10","date_gmt":"2023-12-07T17:03:10","guid":{"rendered":"https:\/\/vtaplus.com.ve\/?product=cerradura-inteligente-manilla-con-doble-cerrojo"},"modified":"2025-04-25T17:28:11","modified_gmt":"2025-04-25T21:28:11","slug":"cerradura-inteligente-manilla-con-doble-cerrojo","status":"publish","type":"product","link":"https:\/\/vtaplus.com.ve\/?product=cerradura-inteligente-manilla-con-doble-cerrojo","title":{"rendered":"Cerradura digital inteligente Vertex (wifi)"},"content":{"rendered":"<p>Haz tu hogar y oficina un espacio seguro e inteligente. Protege tu hogar y a los que m\u00e1s quieres con esta cerradura digital inteligente con sistema m\u00faltiple de apertura. La chapa incluye conexi\u00f3n Wifi, lo que te permitir\u00e1 poder controlar el dispositivo desde la App VTA+, lleva el registro e historial de aperturas y eventos en la cerradura. Compatible con asistentes de voz Google Home y Alexa.<\/p>\n<p>Contenido del empaque:<br \/>\n\u2022 Cerradura digital.<br \/>\n\u2022 Recibidor met\u00e1lico.<br \/>\n\u2022 Accesorios de instalaci\u00f3n.<br \/>\n\u2022 Llaves de la cerradura<br \/>\n\u2022 Tarjeta RFID<br \/>\n\u2022 Manual de usuario.<\/p>\n","protected":false},"excerpt":{"rendered":"<p>Cerradura Inteligente Manilla Con Doble Cerrojo<\/p>\n","protected":false},"featured_media":8399,"comment_status":"closed","ping_status":"closed","template":"","meta":{"om_disable_all_campaigns":false,"_uf_show_specific_survey":0,"_uf_disable_surveys":false},"product_cat":[148,75,149,150,151,146],"product_tag":[113,112,136,109,84],"class_list":{"0":"post-8366","1":"product","2":"type-product","3":"status-publish","4":"has-post-thumbnail","6":"product_cat-confort","7":"product_cat-controles","8":"product_cat-hogar","9":"product_cat-oficina","10":"product_cat-seguridad","11":"product_cat-todos","12":"product_tag-cerradura-inteligente","13":"product_tag-controles","14":"product_tag-reconocimiento-de-huella","15":"product_tag-uso-exterior","16":"product_tag-uso-interior","18":"first","19":"instock","20":"taxable","21":"shipping-taxable","22":"purchasable","23":"product-type-simple"},"acf":[],"aioseo_notices":[],"_links":{"self":[{"href":"https:\/\/vtaplus.com.ve\/index.php?rest_route=\/wp\/v2\/product\/8366","targetHints":{"allow":["GET"]}}],"collection":[{"href":"https:\/\/vtaplus.com.ve\/index.php?rest_route=\/wp\/v2\/product"}],"about":[{"href":"https:\/\/vtaplus.com.ve\/index.php?rest_route=\/wp\/v2\/types\/product"}],"replies":[{"embeddable":true,"href":"https:\/\/vtaplus.com.ve\/index.php?rest_route=%2Fwp%2Fv2%2Fcomments&post=8366"}],"version-history":[{"count":5,"href":"https:\/\/vtaplus.com.ve\/index.php?rest_route=\/wp\/v2\/product\/8366\/revisions"}],"predecessor-version":[{"id":8980,"href":"https:\/\/vtaplus.com.ve\/index.php?rest_route=\/wp\/v2\/product\/8366\/revisions\/8980"}],"wp:featuredmedia":[{"embeddable":true,"href":"https:\/\/vtaplus.com.ve\/index.php?rest_route=\/wp\/v2\/media\/8399"}],"wp:attachment":[{"href":"https:\/\/vtaplus.com.ve\/index.php?rest_route=%2Fwp%2Fv2%2Fmedia&parent=8366"}],"wp:term":[{"taxonomy":"product_cat","embeddable":true,"href":"https:\/\/vtaplus.com.ve\/index.php?rest_route=%2Fwp%2Fv2%2Fproduct_cat&post=8366"},{"taxonomy":"product_tag","embeddable":true,"href":"https:\/\/vtaplus.com.ve\/index.php?rest_route=%2Fwp%2Fv2%2Fproduct_tag&post=8366"}],"curies":[{"name":"wp","href":"https:\/\/api.w.org\/{rel}","templated":true}]}}