{"id":8370,"date":"2023-12-07T13:03:11","date_gmt":"2023-12-07T17:03:11","guid":{"rendered":"https:\/\/vtaplus.com.ve\/?product=comedero-de-mascotas-con-camara-de-seguridad"},"modified":"2025-04-25T17:23:43","modified_gmt":"2025-04-25T21:23:43","slug":"comedero-de-mascotas-con-camara-de-seguridad","status":"publish","type":"product","link":"https:\/\/vtaplus.com.ve\/?product=comedero-de-mascotas-con-camara-de-seguridad","title":{"rendered":"Dispensador de comida con c\u00e1mara"},"content":{"rendered":"<p>Haz tu hogar y oficina un espacio seguro e inteligente. Comedero Inteligente para<br \/>\nmascotas, conexi\u00f3n Wifi, c\u00e1mara color Full HD con visi\u00f3n nocturna, detecci\u00f3n de movimiento y audio bidireccional, lo que te permitir\u00e1 poder controlar el dispositivo desde la App VTA+, lleva el registro e historial de aperturas y eventos en la cerradura. Compatible con asistentes de voz Google Home, Alexa y Siri.<\/p>\n<p>Adquiere una c\u00e1mara VTA+ y agr\u00e9gale el servicio GEO24 de Tracker GPS, contar\u00e1s con la gesti\u00f3n de apoyo en caso de emergencia 24\/7.<\/p>\n<p>Contenido del empaque:<br \/>\n\u2022 Comedero con c\u00e1mara FHD<br \/>\n\u2022 Adaptador de poder.<br \/>\n\u2022 Manual de usuario.<\/p>\n","protected":false},"excerpt":{"rendered":"<p>Comedero De Mascotas Con C\u00e1mara De Seguridad<\/p>\n","protected":false},"featured_media":8464,"comment_status":"closed","ping_status":"closed","template":"","meta":{"om_disable_all_campaigns":false,"_uf_show_specific_survey":0,"_uf_disable_surveys":false},"product_cat":[149,122,150,151,146],"product_tag":[102,99,123,101],"class_list":{"0":"post-8370","1":"product","2":"type-product","3":"status-publish","4":"has-post-thumbnail","6":"product_cat-hogar","7":"product_cat-mascotas","8":"product_cat-oficina","9":"product_cat-seguridad","10":"product_cat-todos","11":"product_tag-camaras-de-seguridad","12":"product_tag-geo24","13":"product_tag-mascotas","14":"product_tag-microfono-y-altavoz-bidireccional","16":"first","17":"instock","18":"taxable","19":"shipping-taxable","20":"purchasable","21":"product-type-simple"},"acf":[],"aioseo_notices":[],"_links":{"self":[{"href":"https:\/\/vtaplus.com.ve\/index.php?rest_route=\/wp\/v2\/product\/8370","targetHints":{"allow":["GET"]}}],"collection":[{"href":"https:\/\/vtaplus.com.ve\/index.php?rest_route=\/wp\/v2\/product"}],"about":[{"href":"https:\/\/vtaplus.com.ve\/index.php?rest_route=\/wp\/v2\/types\/product"}],"replies":[{"embeddable":true,"href":"https:\/\/vtaplus.com.ve\/index.php?rest_route=%2Fwp%2Fv2%2Fcomments&post=8370"}],"version-history":[{"count":5,"href":"https:\/\/vtaplus.com.ve\/index.php?rest_route=\/wp\/v2\/product\/8370\/revisions"}],"predecessor-version":[{"id":8985,"href":"https:\/\/vtaplus.com.ve\/index.php?rest_route=\/wp\/v2\/product\/8370\/revisions\/8985"}],"wp:featuredmedia":[{"embeddable":true,"href":"https:\/\/vtaplus.com.ve\/index.php?rest_route=\/wp\/v2\/media\/8464"}],"wp:attachment":[{"href":"https:\/\/vtaplus.com.ve\/index.php?rest_route=%2Fwp%2Fv2%2Fmedia&parent=8370"}],"wp:term":[{"taxonomy":"product_cat","embeddable":true,"href":"https:\/\/vtaplus.com.ve\/index.php?rest_route=%2Fwp%2Fv2%2Fproduct_cat&post=8370"},{"taxonomy":"product_tag","embeddable":true,"href":"https:\/\/vtaplus.com.ve\/index.php?rest_route=%2Fwp%2Fv2%2Fproduct_tag&post=8370"}],"curies":[{"name":"wp","href":"https:\/\/api.w.org\/{rel}","templated":true}]}}