{"id":8373,"date":"2023-12-07T13:03:12","date_gmt":"2023-12-07T17:03:12","guid":{"rendered":"https:\/\/vtaplus.com.ve\/?product=kit-de-alarma-wifi-con-luz-sirena-y-sensores"},"modified":"2025-04-25T17:24:48","modified_gmt":"2025-04-25T21:24:48","slug":"kit-de-alarma-wifi-con-luz-sirena-y-sensores","status":"publish","type":"product","link":"https:\/\/vtaplus.com.ve\/?product=kit-de-alarma-wifi-con-luz-sirena-y-sensores","title":{"rendered":"Kit de alarma wifi con luz, sirena y sensores"},"content":{"rendered":"<p>Haz tu hogar inteligente y seguro con este set de alarma + 1 sensor de movimiento + 2 sensores de apertura, crea escenarios con otros dispositivos VTA+. Automatiza, controla y recibe notificaciones en tu celular cuando se detecte movimiento, todo esto a trav\u00e9s del App VTA+. \u00a1Tecnolog\u00eda que nos mantiene m\u00e1s cerca!<\/p>\n<p>Adquiere una c\u00e1mara VTA+ y agr\u00e9gale el servicio GEO24 de Tracker GPS, contar\u00e1s con la gesti\u00f3n de apoyo en caso de emergencia 24\/7.<\/p>\n<p>Contenido del empaque:<br \/>\n\u2022 1 M\u00f3dulo con alarma.<br \/>\n\u2022 1 Sensor de movimiento PIR.<br \/>\n\u2022 2 Sensores de apertura.<br \/>\n\u2022 1 Control remoto.<br \/>\n\u2022 Manual de usuario.<br \/>\n\u2022 Accesorios de instalaci\u00f3n.<\/p>\n","protected":false},"excerpt":{"rendered":"<p>Kit De Alarma Wifi Con Luz, Sirena Y Sensores<\/p>\n","protected":false},"featured_media":8445,"comment_status":"closed","ping_status":"closed","template":"","meta":{"om_disable_all_campaigns":false,"_uf_show_specific_survey":0,"_uf_disable_surveys":false},"product_cat":[73,152,149,150,151,146],"product_tag":[130,121,99,133,126,132],"class_list":{"0":"post-8373","1":"product","2":"type-product","3":"status-publish","4":"has-post-thumbnail","6":"product_cat-alarmas_sensores","7":"product_cat-sale","8":"product_cat-hogar","9":"product_cat-oficina","10":"product_cat-seguridad","11":"product_cat-todos","12":"product_tag-alarmas-y-sensores","13":"product_tag-control-remoto","14":"product_tag-geo24","15":"product_tag-sensor-de-apertura","16":"product_tag-sensor-de-movimiento","17":"product_tag-sirena","19":"first","20":"instock","21":"sale","22":"taxable","23":"shipping-taxable","24":"purchasable","25":"product-type-simple"},"acf":[],"aioseo_notices":[],"_links":{"self":[{"href":"https:\/\/vtaplus.com.ve\/index.php?rest_route=\/wp\/v2\/product\/8373","targetHints":{"allow":["GET"]}}],"collection":[{"href":"https:\/\/vtaplus.com.ve\/index.php?rest_route=\/wp\/v2\/product"}],"about":[{"href":"https:\/\/vtaplus.com.ve\/index.php?rest_route=\/wp\/v2\/types\/product"}],"replies":[{"embeddable":true,"href":"https:\/\/vtaplus.com.ve\/index.php?rest_route=%2Fwp%2Fv2%2Fcomments&post=8373"}],"version-history":[{"count":2,"href":"https:\/\/vtaplus.com.ve\/index.php?rest_route=\/wp\/v2\/product\/8373\/revisions"}],"predecessor-version":[{"id":8949,"href":"https:\/\/vtaplus.com.ve\/index.php?rest_route=\/wp\/v2\/product\/8373\/revisions\/8949"}],"wp:featuredmedia":[{"embeddable":true,"href":"https:\/\/vtaplus.com.ve\/index.php?rest_route=\/wp\/v2\/media\/8445"}],"wp:attachment":[{"href":"https:\/\/vtaplus.com.ve\/index.php?rest_route=%2Fwp%2Fv2%2Fmedia&parent=8373"}],"wp:term":[{"taxonomy":"product_cat","embeddable":true,"href":"https:\/\/vtaplus.com.ve\/index.php?rest_route=%2Fwp%2Fv2%2Fproduct_cat&post=8373"},{"taxonomy":"product_tag","embeddable":true,"href":"https:\/\/vtaplus.com.ve\/index.php?rest_route=%2Fwp%2Fv2%2Fproduct_tag&post=8373"}],"curies":[{"name":"wp","href":"https:\/\/api.w.org\/{rel}","templated":true}]}}