{"id":8376,"date":"2023-12-07T13:03:13","date_gmt":"2023-12-07T17:03:13","guid":{"rendered":"https:\/\/vtaplus.com.ve\/?product=interruptor-electrico-tipo-touch-doble"},"modified":"2025-04-25T17:27:43","modified_gmt":"2025-04-25T21:27:43","slug":"interruptor-electrico-tipo-touch-doble","status":"publish","type":"product","link":"https:\/\/vtaplus.com.ve\/?product=interruptor-electrico-tipo-touch-doble","title":{"rendered":"Interruptor el\u00e9ctrico tipo touch doble"},"content":{"rendered":"<p>Haz que tu hogar sea inteligente controlando la iluminaci\u00f3n de casa con solo un interruptor. Este interruptor inteligente de 2 v\u00edas te permite controlar 2 zonas de iluminaci\u00f3n desde tu celular en cualquier lugar y en tiempo real desde la App VTA+. Dise\u00f1o elegante, compacto, de empotrar a la pared. Compra 2 interruptores y automatiza la conmutabilidad, compatible con asistentes de voz Google Home y Alexa.<\/p>\n","protected":false},"excerpt":{"rendered":"<p>Interruptor El\u00e9ctrico Tipo Touch Doble<\/p>\n","protected":false},"featured_media":8410,"comment_status":"closed","ping_status":"closed","template":"","meta":{"om_disable_all_campaigns":false,"_uf_show_specific_survey":0,"_uf_disable_surveys":false},"product_cat":[148,149,74,150,146],"product_tag":[104,128,129],"class_list":{"0":"post-8376","1":"product","2":"type-product","3":"status-publish","4":"has-post-thumbnail","6":"product_cat-confort","7":"product_cat-hogar","8":"product_cat-iluminacion","9":"product_cat-oficina","10":"product_cat-todos","11":"product_tag-iluminacion","12":"product_tag-interruptor","13":"product_tag-touch","15":"first","16":"instock","17":"taxable","18":"shipping-taxable","19":"purchasable","20":"product-type-simple"},"acf":[],"aioseo_notices":[],"_links":{"self":[{"href":"https:\/\/vtaplus.com.ve\/index.php?rest_route=\/wp\/v2\/product\/8376","targetHints":{"allow":["GET"]}}],"collection":[{"href":"https:\/\/vtaplus.com.ve\/index.php?rest_route=\/wp\/v2\/product"}],"about":[{"href":"https:\/\/vtaplus.com.ve\/index.php?rest_route=\/wp\/v2\/types\/product"}],"replies":[{"embeddable":true,"href":"https:\/\/vtaplus.com.ve\/index.php?rest_route=%2Fwp%2Fv2%2Fcomments&post=8376"}],"version-history":[{"count":2,"href":"https:\/\/vtaplus.com.ve\/index.php?rest_route=\/wp\/v2\/product\/8376\/revisions"}],"predecessor-version":[{"id":8952,"href":"https:\/\/vtaplus.com.ve\/index.php?rest_route=\/wp\/v2\/product\/8376\/revisions\/8952"}],"wp:featuredmedia":[{"embeddable":true,"href":"https:\/\/vtaplus.com.ve\/index.php?rest_route=\/wp\/v2\/media\/8410"}],"wp:attachment":[{"href":"https:\/\/vtaplus.com.ve\/index.php?rest_route=%2Fwp%2Fv2%2Fmedia&parent=8376"}],"wp:term":[{"taxonomy":"product_cat","embeddable":true,"href":"https:\/\/vtaplus.com.ve\/index.php?rest_route=%2Fwp%2Fv2%2Fproduct_cat&post=8376"},{"taxonomy":"product_tag","embeddable":true,"href":"https:\/\/vtaplus.com.ve\/index.php?rest_route=%2Fwp%2Fv2%2Fproduct_tag&post=8376"}],"curies":[{"name":"wp","href":"https:\/\/api.w.org\/{rel}","templated":true}]}}