{"id":8377,"date":"2023-12-07T13:03:13","date_gmt":"2023-12-07T17:03:13","guid":{"rendered":"https:\/\/vtaplus.com.ve\/?product=video-portero-full-hd-con-modulo-de-timbre"},"modified":"2025-04-25T17:24:00","modified_gmt":"2025-04-25T21:24:00","slug":"video-portero-full-hd-con-modulo-de-timbre","status":"publish","type":"product","link":"https:\/\/vtaplus.com.ve\/?product=video-portero-full-hd-con-modulo-de-timbre","title":{"rendered":"Video portero full HD con m\u00f3dulo de timbre"},"content":{"rendered":"<p>Haz que tu hogar sea inteligente y seguro. Controla y supervisa la entrada a tu hogar y oficina con este video portero desde cualquier lugar y en tiempo real con al App VTA+, resoluci\u00f3n 1080p con timbre. Sensor de movimiento, micr\u00f3fono y altavoz bidireccional, diferentes melod\u00eda y niveles de sonido. F\u00e1cil instalaci\u00f3n y configuraci\u00f3n, compatibles con asistentes de voz Google Home y Alexa.<\/p>\n<p>Adquiere la c\u00e1mara y agr\u00e9gale el servicio GEO24 de Tracker GPS, contar\u00e1s con la gesti\u00f3n de apoyo en caso de emergencia 24\/7.<\/p>\n","protected":false},"excerpt":{"rendered":"<p>Video Portero Full Hd Con M\u00f3dulo De Timbre<\/p>\n","protected":false},"featured_media":8460,"comment_status":"closed","ping_status":"closed","template":"","meta":{"om_disable_all_campaigns":false,"_uf_show_specific_survey":0,"_uf_disable_surveys":false},"product_cat":[149,150,151,146,53],"product_tag":[127,102,99,101,126,134,109,96,100],"class_list":{"0":"post-8377","1":"product","2":"type-product","3":"status-publish","4":"has-post-thumbnail","6":"product_cat-hogar","7":"product_cat-oficina","8":"product_cat-seguridad","9":"product_cat-todos","10":"product_cat-video_seguridad","11":"product_tag-baterias","12":"product_tag-camaras-de-seguridad","13":"product_tag-geo24","14":"product_tag-microfono-y-altavoz-bidireccional","15":"product_tag-sensor-de-movimiento","16":"product_tag-timbre","17":"product_tag-uso-exterior","18":"product_tag-video-seguridad","19":"product_tag-vision-nocturna","21":"first","22":"instock","23":"taxable","24":"shipping-taxable","25":"purchasable","26":"product-type-simple"},"acf":[],"aioseo_notices":[],"_links":{"self":[{"href":"https:\/\/vtaplus.com.ve\/index.php?rest_route=\/wp\/v2\/product\/8377","targetHints":{"allow":["GET"]}}],"collection":[{"href":"https:\/\/vtaplus.com.ve\/index.php?rest_route=\/wp\/v2\/product"}],"about":[{"href":"https:\/\/vtaplus.com.ve\/index.php?rest_route=\/wp\/v2\/types\/product"}],"replies":[{"embeddable":true,"href":"https:\/\/vtaplus.com.ve\/index.php?rest_route=%2Fwp%2Fv2%2Fcomments&post=8377"}],"version-history":[{"count":2,"href":"https:\/\/vtaplus.com.ve\/index.php?rest_route=\/wp\/v2\/product\/8377\/revisions"}],"predecessor-version":[{"id":8953,"href":"https:\/\/vtaplus.com.ve\/index.php?rest_route=\/wp\/v2\/product\/8377\/revisions\/8953"}],"wp:featuredmedia":[{"embeddable":true,"href":"https:\/\/vtaplus.com.ve\/index.php?rest_route=\/wp\/v2\/media\/8460"}],"wp:attachment":[{"href":"https:\/\/vtaplus.com.ve\/index.php?rest_route=%2Fwp%2Fv2%2Fmedia&parent=8377"}],"wp:term":[{"taxonomy":"product_cat","embeddable":true,"href":"https:\/\/vtaplus.com.ve\/index.php?rest_route=%2Fwp%2Fv2%2Fproduct_cat&post=8377"},{"taxonomy":"product_tag","embeddable":true,"href":"https:\/\/vtaplus.com.ve\/index.php?rest_route=%2Fwp%2Fv2%2Fproduct_tag&post=8377"}],"curies":[{"name":"wp","href":"https:\/\/api.w.org\/{rel}","templated":true}]}}