{"id":8378,"date":"2023-12-07T13:03:14","date_gmt":"2023-12-07T17:03:14","guid":{"rendered":"https:\/\/vtaplus.com.ve\/?product=tomacorriente-1-salida-ac-voltaje-120-220-vac"},"modified":"2025-04-25T17:26:07","modified_gmt":"2025-04-25T21:26:07","slug":"tomacorriente-1-salida-ac-voltaje-120-220-vac","status":"publish","type":"product","link":"https:\/\/vtaplus.com.ve\/?product=tomacorriente-1-salida-ac-voltaje-120-220-vac","title":{"rendered":"Tomacorriente inteligente (1 salida)"},"content":{"rendered":"<p>Haz que tu hogar sea inteligente con este tomacorriente Smart de activaci\u00f3n remota v\u00eda App VTA+, programa tiempo de encendido y\/o apagado, cuentas regresivas o rutinas de encendido. Cuenta con 1 salida de voltaje polo a tierra. F\u00e1cil instalaci\u00f3n y configuraci\u00f3n. Compatible con asistentes de voz Google Home y Alexa.<\/p>\n","protected":false},"excerpt":{"rendered":"<p>Tomacorriente 1 Salida Ac Voltaje 120\/220 Vac<\/p>\n","protected":false},"featured_media":8427,"comment_status":"closed","ping_status":"closed","template":"","meta":{"om_disable_all_campaigns":false,"_uf_show_specific_survey":0,"_uf_disable_surveys":false},"product_cat":[148,149,150,146,72],"product_tag":[81,80,84],"class_list":{"0":"post-8378","1":"product","2":"type-product","3":"status-publish","4":"has-post-thumbnail","6":"product_cat-confort","7":"product_cat-hogar","8":"product_cat-oficina","9":"product_cat-todos","10":"product_cat-tomacorrientes","11":"product_tag-enchufe","12":"product_tag-tomacorrientes","13":"product_tag-uso-interior","15":"first","16":"instock","17":"taxable","18":"shipping-taxable","19":"purchasable","20":"product-type-simple"},"acf":[],"aioseo_notices":[],"_links":{"self":[{"href":"https:\/\/vtaplus.com.ve\/index.php?rest_route=\/wp\/v2\/product\/8378","targetHints":{"allow":["GET"]}}],"collection":[{"href":"https:\/\/vtaplus.com.ve\/index.php?rest_route=\/wp\/v2\/product"}],"about":[{"href":"https:\/\/vtaplus.com.ve\/index.php?rest_route=\/wp\/v2\/types\/product"}],"replies":[{"embeddable":true,"href":"https:\/\/vtaplus.com.ve\/index.php?rest_route=%2Fwp%2Fv2%2Fcomments&post=8378"}],"version-history":[{"count":3,"href":"https:\/\/vtaplus.com.ve\/index.php?rest_route=\/wp\/v2\/product\/8378\/revisions"}],"predecessor-version":[{"id":8969,"href":"https:\/\/vtaplus.com.ve\/index.php?rest_route=\/wp\/v2\/product\/8378\/revisions\/8969"}],"wp:featuredmedia":[{"embeddable":true,"href":"https:\/\/vtaplus.com.ve\/index.php?rest_route=\/wp\/v2\/media\/8427"}],"wp:attachment":[{"href":"https:\/\/vtaplus.com.ve\/index.php?rest_route=%2Fwp%2Fv2%2Fmedia&parent=8378"}],"wp:term":[{"taxonomy":"product_cat","embeddable":true,"href":"https:\/\/vtaplus.com.ve\/index.php?rest_route=%2Fwp%2Fv2%2Fproduct_cat&post=8378"},{"taxonomy":"product_tag","embeddable":true,"href":"https:\/\/vtaplus.com.ve\/index.php?rest_route=%2Fwp%2Fv2%2Fproduct_tag&post=8378"}],"curies":[{"name":"wp","href":"https:\/\/api.w.org\/{rel}","templated":true}]}}