{"id":8381,"date":"2023-12-07T13:03:14","date_gmt":"2023-12-07T17:03:14","guid":{"rendered":"https:\/\/vtaplus.com.ve\/?product=socate-de-bombillo-convencional-rosca-e27"},"modified":"2025-04-25T17:25:36","modified_gmt":"2025-04-25T21:25:36","slug":"socate-de-bombillo-convencional-rosca-e27","status":"publish","type":"product","link":"https:\/\/vtaplus.com.ve\/?product=socate-de-bombillo-convencional-rosca-e27","title":{"rendered":"S\u00f3cate de bombillo convencional E27"},"content":{"rendered":"<p>Haz que tu hogar sea inteligente, programa el encendido, apagado y crea rutinas de iluminaci\u00f3n con esta roseta inteligente para bombillo socket E27. controla la iluminaci\u00f3n de tu hogar en cualquier lugar y en tiempo real desde la App VTA+. F\u00e1cil instalaci\u00f3n y configuraci\u00f3n, compatible con asistentes de voz Google Home y Alexa.<\/p>\n","protected":false},"excerpt":{"rendered":"<p>S\u00f3cate De Bombillo Convencional Rosca E27<\/p>\n","protected":false},"featured_media":8435,"comment_status":"closed","ping_status":"closed","template":"","meta":{"om_disable_all_campaigns":false,"_uf_show_specific_survey":0,"_uf_disable_surveys":false},"product_cat":[148,149,74,150,146],"product_tag":[104,137],"class_list":{"0":"post-8381","1":"product","2":"type-product","3":"status-publish","4":"has-post-thumbnail","6":"product_cat-confort","7":"product_cat-hogar","8":"product_cat-iluminacion","9":"product_cat-oficina","10":"product_cat-todos","11":"product_tag-iluminacion","12":"product_tag-socate","14":"first","15":"instock","16":"taxable","17":"shipping-taxable","18":"purchasable","19":"product-type-simple"},"acf":[],"aioseo_notices":[],"_links":{"self":[{"href":"https:\/\/vtaplus.com.ve\/index.php?rest_route=\/wp\/v2\/product\/8381","targetHints":{"allow":["GET"]}}],"collection":[{"href":"https:\/\/vtaplus.com.ve\/index.php?rest_route=\/wp\/v2\/product"}],"about":[{"href":"https:\/\/vtaplus.com.ve\/index.php?rest_route=\/wp\/v2\/types\/product"}],"replies":[{"embeddable":true,"href":"https:\/\/vtaplus.com.ve\/index.php?rest_route=%2Fwp%2Fv2%2Fcomments&post=8381"}],"version-history":[{"count":2,"href":"https:\/\/vtaplus.com.ve\/index.php?rest_route=\/wp\/v2\/product\/8381\/revisions"}],"predecessor-version":[{"id":8957,"href":"https:\/\/vtaplus.com.ve\/index.php?rest_route=\/wp\/v2\/product\/8381\/revisions\/8957"}],"wp:featuredmedia":[{"embeddable":true,"href":"https:\/\/vtaplus.com.ve\/index.php?rest_route=\/wp\/v2\/media\/8435"}],"wp:attachment":[{"href":"https:\/\/vtaplus.com.ve\/index.php?rest_route=%2Fwp%2Fv2%2Fmedia&parent=8381"}],"wp:term":[{"taxonomy":"product_cat","embeddable":true,"href":"https:\/\/vtaplus.com.ve\/index.php?rest_route=%2Fwp%2Fv2%2Fproduct_cat&post=8381"},{"taxonomy":"product_tag","embeddable":true,"href":"https:\/\/vtaplus.com.ve\/index.php?rest_route=%2Fwp%2Fv2%2Fproduct_tag&post=8381"}],"curies":[{"name":"wp","href":"https:\/\/api.w.org\/{rel}","templated":true}]}}