{"id":8383,"date":"2023-12-07T13:03:15","date_gmt":"2023-12-07T17:03:15","guid":{"rendered":"https:\/\/vtaplus.com.ve\/?product=camara-fija-wifi-exterior-con-led-full-hd-1080p"},"modified":"2025-04-25T17:26:39","modified_gmt":"2025-04-25T21:26:39","slug":"camara-fija-wifi-exterior-con-led-full-hd-1080p","status":"publish","type":"product","link":"https:\/\/vtaplus.com.ve\/?product=camara-fija-wifi-exterior-con-led-full-hd-1080p","title":{"rendered":"C\u00e1mara de seguridad fija para exterior Wifi"},"content":{"rendered":"<p>Haz que tu ambiente sea inteligente y mantente cerca de lo que m\u00e1s quieres y te importa con las c\u00e1maras de seguridad VTA+. C\u00e1mara inteligente fija de resoluci\u00f3n full HD 1080p 3mp con detecci\u00f3n de movimiento, visi\u00f3n nocturna a color, micr\u00f3fono y altavoz con audio bidireccional.<\/p>\n<p>\u00a1Ya no tendr\u00e1s que preocuparte porque tus espacios est\u00e9n iluminados! Gracias a su funci\u00f3n de visi\u00f3n nocturna a color incluida.<\/p>\n<p>Adquiere la c\u00e1mara y agr\u00e9gale el servicio GEO24 de Tracker GPS, contar\u00e1s con la gesti\u00f3n de apoyo en caso de emergencia 24\/7.<\/p>\n","protected":false},"excerpt":{"rendered":"<p>C\u00e1mara Fija Wifi Exterior Con Led, Full Hd 1080p<\/p>\n","protected":false},"featured_media":8420,"comment_status":"closed","ping_status":"closed","template":"","meta":{"om_disable_all_campaigns":false,"_uf_show_specific_survey":0,"_uf_disable_surveys":false},"product_cat":[149,150,151,146,53],"product_tag":[102,99,109,84,96,100],"class_list":{"0":"post-8383","1":"product","2":"type-product","3":"status-publish","4":"has-post-thumbnail","6":"product_cat-hogar","7":"product_cat-oficina","8":"product_cat-seguridad","9":"product_cat-todos","10":"product_cat-video_seguridad","11":"product_tag-camaras-de-seguridad","12":"product_tag-geo24","13":"product_tag-uso-exterior","14":"product_tag-uso-interior","15":"product_tag-video-seguridad","16":"product_tag-vision-nocturna","18":"first","19":"instock","20":"taxable","21":"shipping-taxable","22":"purchasable","23":"product-type-simple"},"acf":[],"aioseo_notices":[],"_links":{"self":[{"href":"https:\/\/vtaplus.com.ve\/index.php?rest_route=\/wp\/v2\/product\/8383","targetHints":{"allow":["GET"]}}],"collection":[{"href":"https:\/\/vtaplus.com.ve\/index.php?rest_route=\/wp\/v2\/product"}],"about":[{"href":"https:\/\/vtaplus.com.ve\/index.php?rest_route=\/wp\/v2\/types\/product"}],"replies":[{"embeddable":true,"href":"https:\/\/vtaplus.com.ve\/index.php?rest_route=%2Fwp%2Fv2%2Fcomments&post=8383"}],"version-history":[{"count":2,"href":"https:\/\/vtaplus.com.ve\/index.php?rest_route=\/wp\/v2\/product\/8383\/revisions"}],"predecessor-version":[{"id":8959,"href":"https:\/\/vtaplus.com.ve\/index.php?rest_route=\/wp\/v2\/product\/8383\/revisions\/8959"}],"wp:featuredmedia":[{"embeddable":true,"href":"https:\/\/vtaplus.com.ve\/index.php?rest_route=\/wp\/v2\/media\/8420"}],"wp:attachment":[{"href":"https:\/\/vtaplus.com.ve\/index.php?rest_route=%2Fwp%2Fv2%2Fmedia&parent=8383"}],"wp:term":[{"taxonomy":"product_cat","embeddable":true,"href":"https:\/\/vtaplus.com.ve\/index.php?rest_route=%2Fwp%2Fv2%2Fproduct_cat&post=8383"},{"taxonomy":"product_tag","embeddable":true,"href":"https:\/\/vtaplus.com.ve\/index.php?rest_route=%2Fwp%2Fv2%2Fproduct_tag&post=8383"}],"curies":[{"name":"wp","href":"https:\/\/api.w.org\/{rel}","templated":true}]}}