{"id":8549,"date":"2023-12-07T14:46:41","date_gmt":"2023-12-07T18:46:41","guid":{"rendered":"https:\/\/vtaplus.com.ve\/?post_type=product&#038;p=8549"},"modified":"2025-04-25T17:16:30","modified_gmt":"2025-04-25T21:16:30","slug":"servicio-geo-24","status":"publish","type":"product","link":"https:\/\/vtaplus.com.ve\/?product=servicio-geo-24","title":{"rendered":"Servicio de emergencias GEO24"},"content":{"rendered":"<p>Gesti\u00f3n de apoyo en caso de emergencias 24\/7. Tu casa y oficina protegida con tecnolog\u00eda de punta y profesionales expertos. \u00danico con el servicio GEO 24 para el manejo de eventos de emergencia. Disfrute de una protecci\u00f3n integral contra robos, incendios, inundaciones y m\u00e1s. Necesitas adquirir al menos una de las c\u00e1maras VTA+ para contratar este servicio.<\/p>\n","protected":false},"excerpt":{"rendered":"<p>Geo24<\/p>\n","protected":false},"featured_media":8522,"comment_status":"open","ping_status":"closed","template":"","meta":{"om_disable_all_campaigns":false,"_uf_show_specific_survey":0,"_uf_disable_surveys":false},"product_cat":[148,149,150,151,40,146],"product_tag":[],"class_list":{"0":"post-8549","1":"product","2":"type-product","3":"status-publish","4":"has-post-thumbnail","6":"product_cat-confort","7":"product_cat-hogar","8":"product_cat-oficina","9":"product_cat-seguridad","10":"product_cat-servicio-apoyo","11":"product_cat-todos","13":"first","14":"instock","15":"taxable","16":"shipping-taxable","17":"purchasable","18":"product-type-variable","19":"has-default-attributes"},"acf":[],"aioseo_notices":[],"_links":{"self":[{"href":"https:\/\/vtaplus.com.ve\/index.php?rest_route=\/wp\/v2\/product\/8549","targetHints":{"allow":["GET"]}}],"collection":[{"href":"https:\/\/vtaplus.com.ve\/index.php?rest_route=\/wp\/v2\/product"}],"about":[{"href":"https:\/\/vtaplus.com.ve\/index.php?rest_route=\/wp\/v2\/types\/product"}],"replies":[{"embeddable":true,"href":"https:\/\/vtaplus.com.ve\/index.php?rest_route=%2Fwp%2Fv2%2Fcomments&post=8549"}],"version-history":[{"count":4,"href":"https:\/\/vtaplus.com.ve\/index.php?rest_route=\/wp\/v2\/product\/8549\/revisions"}],"predecessor-version":[{"id":9149,"href":"https:\/\/vtaplus.com.ve\/index.php?rest_route=\/wp\/v2\/product\/8549\/revisions\/9149"}],"wp:featuredmedia":[{"embeddable":true,"href":"https:\/\/vtaplus.com.ve\/index.php?rest_route=\/wp\/v2\/media\/8522"}],"wp:attachment":[{"href":"https:\/\/vtaplus.com.ve\/index.php?rest_route=%2Fwp%2Fv2%2Fmedia&parent=8549"}],"wp:term":[{"taxonomy":"product_cat","embeddable":true,"href":"https:\/\/vtaplus.com.ve\/index.php?rest_route=%2Fwp%2Fv2%2Fproduct_cat&post=8549"},{"taxonomy":"product_tag","embeddable":true,"href":"https:\/\/vtaplus.com.ve\/index.php?rest_route=%2Fwp%2Fv2%2Fproduct_tag&post=8549"}],"curies":[{"name":"wp","href":"https:\/\/api.w.org\/{rel}","templated":true}]}}